{"id":5168,"date":"2015-11-23T13:52:53","date_gmt":"2015-11-23T12:52:53","guid":{"rendered":"https:\/\/gwsc.unige.ch\/a-propos-du-centre\/"},"modified":"2022-03-04T10:58:18","modified_gmt":"2022-03-04T10:58:18","slug":"a-propos-du-centre","status":"publish","type":"page","link":"https:\/\/gwsc.unige.ch\/fr\/a-propos-du-centre\/","title":{"rendered":"\u00c0 PROPOS DU CENTRE"},"content":{"rendered":"<p>[vc_row][vc_column][vc_empty_space][vc_empty_space][\/vc_column][\/vc_row][vc_row][vc_column][vc_single_image image=\u00a0\u00bb4903&Prime; img_size=\u00a0\u00bbfull\u00a0\u00bb add_caption=\u00a0\u00bbyes\u00a0\u00bb alignment=\u00a0\u00bbcenter\u00a0\u00bb][\/vc_column][\/vc_row][vc_row][vc_column][lab_heading title=\u00a0\u00bbGravitational Wave Science Center\u00a0\u00bb]Br\u00e8ve histoire[\/lab_heading][vc_column_text]Le Gravitational Wave Science Center (GWSC) regroupe les meilleurs scientifiques suisses travaillant dans la nouvelle fen\u00eatre de d\u00e9couverte de l&rsquo;astronomie et de l&rsquo;astrophysique des ondes gravitationnelles. Le GWSC est h\u00e9berg\u00e9 par l&rsquo;Universit\u00e9 de Gen\u00e8ve et est fond\u00e9 par les d\u00e9partements d&rsquo;astronomie, de physique th\u00e9orique et de physique nucl\u00e9aire et des particules.<br \/>\nLa mission du GWSC est d&rsquo;encourager la recherche suisse dans le domaine des ondes gravitationnelles et d&rsquo;inspirer la prochaine g\u00e9n\u00e9ration de scientifiques gr\u00e2ce \u00e0 cette nouvelle fen\u00eatre sur l&rsquo;Univers.<\/p>\n<p>\u00a0<\/p>\n<p>\u00a0<\/p>\n<p><span style=\"font-weight: 400;\">Links: <\/span><\/p>\n<p><span style=\"font-weight: 400;\"><strong>D\u00e9partement d&rsquo;astronomie<\/strong> <\/span><\/p>\n<p><a href=\"https:\/\/www.unige.ch\/sciences\/astro\/en\/\"><span style=\"font-weight: 400;\">https:\/\/www.unige.ch\/sciences\/astro\/en\/<\/span><\/a><\/p>\n<p>\u00a0<\/p>\n<p><span style=\"font-weight: 400;\"><strong>D\u00e9partement de physique th\u00e9orique<\/strong> <\/span><\/p>\n<p><a href=\"https:\/\/www.unige.ch\/sciences\/physique\/theorique\/en\/\"><span style=\"font-weight: 400;\">https:\/\/www.unige.ch\/sciences\/physique\/theorique\/en\/<\/span><\/a><\/p>\n<p>\u00a0<\/p>\n<p><strong>D\u00e9partement de physique nucl\u00e9aire et corpusculaire <\/strong><\/p>\n<p><a href=\"https:\/\/www.unige.ch\/dpnc\/en\/events\/events\/department-nuclear-and-particle-physics\/\"><span style=\"font-weight: 400;\">https:\/\/www.unige.ch\/dpnc\/en\/events\/events\/department-nuclear-and-particle-physics\/<\/span><\/a>[\/vc_column_text][\/vc_column][\/vc_row]<\/p>\n","protected":false},"excerpt":{"rendered":"<p>[vc_row][vc_column][vc_empty_space][vc_empty_space][\/vc_column][\/vc_row][vc_row][vc_column][vc_single_image image=\u00a0\u00bb4903&Prime; img_size=\u00a0\u00bbfull\u00a0\u00bb add_caption=\u00a0\u00bbyes\u00a0\u00bb alignment=\u00a0\u00bbcenter\u00a0\u00bb][\/vc_column][\/vc_row][vc_row][vc_column][lab_heading title=\u00a0\u00bbGravitational Wave Science Center\u00a0\u00bb]Br\u00e8ve histoire[\/lab_heading][vc_column_text]Le Gravitational Wave Science Center (GWSC) regroupe les meilleurs scientifiques suisses travaillant dans la nouvelle fen\u00eatre de d\u00e9couverte de l&rsquo;astronomie et de l&rsquo;astrophysique des ondes gravitationnelles. Le GWSC est h\u00e9berg\u00e9 par l&rsquo;Universit\u00e9 de Gen\u00e8ve et est fond\u00e9 par les d\u00e9partements d&rsquo;astronomie, de physique th\u00e9orique et de&hellip;<\/p>\n","protected":false},"author":1,"featured_media":0,"parent":0,"menu_order":0,"comment_status":"closed","ping_status":"closed","template":"","meta":{"inline_featured_image":false},"acf":[],"_links":{"self":[{"href":"https:\/\/gwsc.unige.ch\/fr\/wp-json\/wp\/v2\/pages\/5168"}],"collection":[{"href":"https:\/\/gwsc.unige.ch\/fr\/wp-json\/wp\/v2\/pages"}],"about":[{"href":"https:\/\/gwsc.unige.ch\/fr\/wp-json\/wp\/v2\/types\/page"}],"author":[{"embeddable":true,"href":"https:\/\/gwsc.unige.ch\/fr\/wp-json\/wp\/v2\/users\/1"}],"replies":[{"embeddable":true,"href":"https:\/\/gwsc.unige.ch\/fr\/wp-json\/wp\/v2\/comments?post=5168"}],"version-history":[{"count":4,"href":"https:\/\/gwsc.unige.ch\/fr\/wp-json\/wp\/v2\/pages\/5168\/revisions"}],"predecessor-version":[{"id":5177,"href":"https:\/\/gwsc.unige.ch\/fr\/wp-json\/wp\/v2\/pages\/5168\/revisions\/5177"}],"wp:attachment":[{"href":"https:\/\/gwsc.unige.ch\/fr\/wp-json\/wp\/v2\/media?parent=5168"}],"curies":[{"name":"wp","href":"https:\/\/api.w.org\/{rel}","templated":true}]}}